{"id":4608,"date":"2024-07-05T22:46:31","date_gmt":"2024-07-05T22:46:31","guid":{"rendered":"https:\/\/www.psihoterapija-afb.hr\/?page_id=4608"},"modified":"2024-07-23T19:53:01","modified_gmt":"2024-07-23T19:53:01","slug":"o-psihoterapiji","status":"publish","type":"page","link":"https:\/\/www.psihoterapija-afb.hr\/en\/o-psihoterapiji\/","title":{"rendered":"About Psychotherapy"},"content":{"rendered":"<div data-elementor-type=\"wp-page\" data-elementor-id=\"4608\" class=\"elementor elementor-4608\">\n\t\t\t\t\t\t<section class=\"elementor-section elementor-top-section elementor-element elementor-element-da3e658 elementor-section-full_width elementor-section-height-default elementor-section-height-default\" data-id=\"da3e658\" data-element_type=\"section\" data-e-type=\"section\" data-settings=\"{&quot;background_background&quot;:&quot;classic&quot;}\">\n\t\t\t\t\t\t\t<div class=\"elementor-background-overlay\"><\/div>\n\t\t\t\t\t\t\t<div class=\"elementor-container elementor-column-gap-default\">\n\t\t\t\t\t<div class=\"elementor-column elementor-col-100 elementor-top-column elementor-element elementor-element-3bfe96f\" data-id=\"3bfe96f\" data-element_type=\"column\" data-e-type=\"column\">\n\t\t\t<div class=\"elementor-widget-wrap elementor-element-populated\">\n\t\t\t\t\t\t<div class=\"elementor-element elementor-element-4efff92 elementor-widget elementor-widget-heading\" data-id=\"4efff92\" data-element_type=\"widget\" data-e-type=\"widget\" data-widget_type=\"heading.default\">\n\t\t\t\t<div class=\"elementor-widget-container\">\n\t\t\t\t\t<h1 class=\"elementor-heading-title elementor-size-default\">About Psychotherapy<\/h1>\t\t\t\t<\/div>\n\t\t\t\t<\/div>\n\t\t\t\t\t<\/div>\n\t\t<\/div>\n\t\t\t\t\t<\/div>\n\t\t<\/section>\n\t\t\t\t<section class=\"elementor-section elementor-top-section elementor-element elementor-element-3971726 elementor-section-full_width elementor-section-height-default elementor-section-height-default\" data-id=\"3971726\" data-element_type=\"section\" data-e-type=\"section\" id=\"kontakt\">\n\t\t\t\t\t\t\t<div class=\"elementor-background-overlay\"><\/div>\n\t\t\t\t\t\t\t<div class=\"elementor-container elementor-column-gap-default\">\n\t\t\t\t\t<div class=\"elementor-column elementor-col-100 elementor-top-column elementor-element elementor-element-2ca9ff6\" data-id=\"2ca9ff6\" data-element_type=\"column\" data-e-type=\"column\">\n\t\t\t<div class=\"elementor-widget-wrap elementor-element-populated\">\n\t\t\t\t\t\t<div class=\"elementor-element elementor-element-68e8ae2 elementor-widget elementor-widget-text-editor\" data-id=\"68e8ae2\" data-element_type=\"widget\" data-e-type=\"widget\" data-widget_type=\"text-editor.default\">\n\t\t\t\t<div class=\"elementor-widget-container\">\n\t\t\t\t\t\t\t\t\t<p>Psychotherapy is the treatment of emotional problems through psychological means, with the aim of removing, modifying, or reducing the intensity of existing mental difficulties and promoting positive personality development.<\/p>\t\t\t\t\t\t\t\t<\/div>\n\t\t\t\t<\/div>\n\t\t\t\t<div class=\"elementor-element elementor-element-1e37ecf elementor-widget elementor-widget-text-editor\" data-id=\"1e37ecf\" data-element_type=\"widget\" data-e-type=\"widget\" data-widget_type=\"text-editor.default\">\n\t\t\t\t<div class=\"elementor-widget-container\">\n\t\t\t\t\t\t\t\t\t<p>Psychotherapy can be used to address a variety of problems and goals. People often seek psychotherapy for low self-esteem and self-confidence, life changes and crises, losses, or other emotional difficulties such as anxiety, depression, etc.<\/p>\t\t\t\t\t\t\t\t<\/div>\n\t\t\t\t<\/div>\n\t\t\t\t<div class=\"elementor-element elementor-element-1fb3be5 elementor-widget elementor-widget-text-editor\" data-id=\"1fb3be5\" data-element_type=\"widget\" data-e-type=\"widget\" data-widget_type=\"text-editor.default\">\n\t\t\t\t<div class=\"elementor-widget-container\">\n\t\t\t\t\t\t\t\t\t<p>Integrative psychotherapy got its name because it represents a combination or integration of different theories, but also because its result is the integration of aspects of personality within the client. Through the integration of personality, people become more courageous to face the world openly and in a new way, without the protection of a previously formed pattern.<\/p>\t\t\t\t\t\t\t\t<\/div>\n\t\t\t\t<\/div>\n\t\t\t\t<div class=\"elementor-element elementor-element-f66ff7c elementor-widget elementor-widget-text-editor\" data-id=\"f66ff7c\" data-element_type=\"widget\" data-e-type=\"widget\" data-widget_type=\"text-editor.default\">\n\t\t\t\t<div class=\"elementor-widget-container\">\n\t\t\t\t\t\t\t\t\t<p>Integrative psychotherapy emphasizes the co-creation of the relationship between the therapist and the client, supporting a two-way perspective of that relationship in which both sides are seen as collaborators who contribute to the shared relationship through interaction and mutual influence.<\/p>\t\t\t\t\t\t\t\t<\/div>\n\t\t\t\t<\/div>\n\t\t\t\t<div class=\"elementor-element elementor-element-d995980 elementor-widget elementor-widget-text-editor\" data-id=\"d995980\" data-element_type=\"widget\" data-e-type=\"widget\" data-widget_type=\"text-editor.default\">\n\t\t\t\t<div class=\"elementor-widget-container\">\n\t\t\t\t\t\t\t\t\t<p>*part of the text taken and adapted from: Law on Psychotherapy Activities NN 18\/22<\/p>\t\t\t\t\t\t\t\t<\/div>\n\t\t\t\t<\/div>\n\t\t\t\t\t<\/div>\n\t\t<\/div>\n\t\t\t\t\t<\/div>\n\t\t<\/section>\n\t\t\t\t<\/div>","protected":false},"excerpt":{"rendered":"<p>O psihoterapiji Psihoterapija je tretman problema emocionalne prirode psiholo\u0161kim putem, a svrha joj je uklanjanje, modificiranje ili ubla\u017eavanje intenziteta postoje\u0107ih psihi\u010dkih pote\u0161ko\u0107a i poticanje pozitivnog razvoja li\u010dnosti. U psihoterapiji se mo\u017ee raditi na razli\u010ditim problemima i ciljevima. Osobe se u psihoterapiju \u010desto jave zbog sni\u017eenog samopo\u0161tovanja i samopouzdanja, \u017eivotnih promjena i kriza, gubitaka ili drugih [&hellip;]<\/p>\n","protected":false},"author":1,"featured_media":0,"parent":0,"menu_order":0,"comment_status":"closed","ping_status":"closed","template":"","meta":{"site-sidebar-layout":"no-sidebar","site-content-layout":"page-builder","ast-site-content-layout":"full-width-container","site-content-style":"unboxed","site-sidebar-style":"unboxed","ast-global-header-display":"","ast-banner-title-visibility":"","ast-main-header-display":"","ast-hfb-above-header-display":"","ast-hfb-below-header-display":"","ast-hfb-mobile-header-display":"","site-post-title":"disabled","ast-breadcrumbs-content":"","ast-featured-img":"disabled","footer-sml-layout":"","theme-transparent-header-meta":"disabled","adv-header-id-meta":"","stick-header-meta":"","header-above-stick-meta":"","header-main-stick-meta":"","header-below-stick-meta":"","astra-migrate-meta-layouts":"set","ast-page-background-enabled":"default","ast-page-background-meta":{"desktop":{"background-color":"var(--ast-global-color-4)","background-image":"","background-repeat":"repeat","background-position":"center center","background-size":"auto","background-attachment":"scroll","background-type":"","background-media":"","overlay-type":"","overlay-color":"","overlay-opacity":"","overlay-gradient":""},"tablet":{"background-color":"","background-image":"","background-repeat":"repeat","background-position":"center center","background-size":"auto","background-attachment":"scroll","background-type":"","background-media":"","overlay-type":"","overlay-color":"","overlay-opacity":"","overlay-gradient":""},"mobile":{"background-color":"","background-image":"","background-repeat":"repeat","background-position":"center center","background-size":"auto","background-attachment":"scroll","background-type":"","background-media":"","overlay-type":"","overlay-color":"","overlay-opacity":"","overlay-gradient":""}},"ast-content-background-meta":{"desktop":{"background-color":"var(--ast-global-color-5)","background-image":"","background-repeat":"repeat","background-position":"center center","background-size":"auto","background-attachment":"scroll","background-type":"","background-media":"","overlay-type":"","overlay-color":"","overlay-opacity":"","overlay-gradient":""},"tablet":{"background-color":"var(--ast-global-color-5)","background-image":"","background-repeat":"repeat","background-position":"center center","background-size":"auto","background-attachment":"scroll","background-type":"","background-media":"","overlay-type":"","overlay-color":"","overlay-opacity":"","overlay-gradient":""},"mobile":{"background-color":"var(--ast-global-color-5)","background-image":"","background-repeat":"repeat","background-position":"center center","background-size":"auto","background-attachment":"scroll","background-type":"","background-media":"","overlay-type":"","overlay-color":"","overlay-opacity":"","overlay-gradient":""}},"footnotes":""},"class_list":["post-4608","page","type-page","status-publish","hentry"],"yoast_head":"<!-- This site is optimized with the Yoast SEO plugin v23.1 - https:\/\/yoast.com\/wordpress\/plugins\/seo\/ -->\n<title>O psihoterapiji - AFB Psihoterapija<\/title>\n<meta name=\"robots\" content=\"index, follow, max-snippet:-1, max-image-preview:large, max-video-preview:-1\" \/>\n<link rel=\"canonical\" href=\"https:\/\/www.psihoterapija-afb.hr\/en\/o-psihoterapiji\/\" \/>\n<meta property=\"og:locale\" content=\"en_GB\" \/>\n<meta property=\"og:type\" content=\"article\" \/>\n<meta property=\"og:title\" content=\"O psihoterapiji - AFB Psihoterapija\" \/>\n<meta property=\"og:description\" content=\"O psihoterapiji Psihoterapija je tretman problema emocionalne prirode psiholo\u0161kim putem, a svrha joj je uklanjanje, modificiranje ili ubla\u017eavanje intenziteta postoje\u0107ih psihi\u010dkih pote\u0161ko\u0107a i poticanje pozitivnog razvoja li\u010dnosti. U psihoterapiji se mo\u017ee raditi na razli\u010ditim problemima i ciljevima. Osobe se u psihoterapiju \u010desto jave zbog sni\u017eenog samopo\u0161tovanja i samopouzdanja, \u017eivotnih promjena i kriza, gubitaka ili drugih [&hellip;]\" \/>\n<meta property=\"og:url\" content=\"https:\/\/www.psihoterapija-afb.hr\/en\/o-psihoterapiji\/\" \/>\n<meta property=\"og:site_name\" content=\"AFB Psihoterapija\" \/>\n<meta property=\"article:modified_time\" content=\"2024-07-23T19:53:01+00:00\" \/>\n<meta name=\"twitter:card\" content=\"summary_large_image\" \/>\n<meta name=\"twitter:label1\" content=\"Estimated reading time\" \/>\n\t<meta name=\"twitter:data1\" content=\"3 minutes\" \/>\n<script type=\"application\/ld+json\" class=\"yoast-schema-graph\">{\"@context\":\"https:\/\/schema.org\",\"@graph\":[{\"@type\":\"WebPage\",\"@id\":\"https:\/\/www.psihoterapija-afb.hr\/o-psihoterapiji\/\",\"url\":\"https:\/\/www.psihoterapija-afb.hr\/o-psihoterapiji\/\",\"name\":\"O psihoterapiji - AFB Psihoterapija\",\"isPartOf\":{\"@id\":\"https:\/\/www.psihoterapija-afb.hr\/#website\"},\"datePublished\":\"2024-07-05T22:46:31+00:00\",\"dateModified\":\"2024-07-23T19:53:01+00:00\",\"breadcrumb\":{\"@id\":\"https:\/\/www.psihoterapija-afb.hr\/o-psihoterapiji\/#breadcrumb\"},\"inLanguage\":\"en-GB\",\"potentialAction\":[{\"@type\":\"ReadAction\",\"target\":[\"https:\/\/www.psihoterapija-afb.hr\/o-psihoterapiji\/\"]}]},{\"@type\":\"BreadcrumbList\",\"@id\":\"https:\/\/www.psihoterapija-afb.hr\/o-psihoterapiji\/#breadcrumb\",\"itemListElement\":[{\"@type\":\"ListItem\",\"position\":1,\"name\":\"Home\",\"item\":\"https:\/\/www.psihoterapija-afb.hr\/\"},{\"@type\":\"ListItem\",\"position\":2,\"name\":\"O psihoterapiji\"}]},{\"@type\":\"WebSite\",\"@id\":\"https:\/\/www.psihoterapija-afb.hr\/#website\",\"url\":\"https:\/\/www.psihoterapija-afb.hr\/\",\"name\":\"AFB Psihoterapija\",\"description\":\"Psihoterapija Ana Frlan Bajer\",\"publisher\":{\"@id\":\"https:\/\/www.psihoterapija-afb.hr\/#organization\"},\"potentialAction\":[{\"@type\":\"SearchAction\",\"target\":{\"@type\":\"EntryPoint\",\"urlTemplate\":\"https:\/\/www.psihoterapija-afb.hr\/?s={search_term_string}\"},\"query-input\":\"required name=search_term_string\"}],\"inLanguage\":\"en-GB\"},{\"@type\":\"Organization\",\"@id\":\"https:\/\/www.psihoterapija-afb.hr\/#organization\",\"name\":\"Psihoterapija Ana Frlan Bajer\",\"url\":\"https:\/\/www.psihoterapija-afb.hr\/\",\"logo\":{\"@type\":\"ImageObject\",\"inLanguage\":\"en-GB\",\"@id\":\"https:\/\/www.psihoterapija-afb.hr\/#\/schema\/logo\/image\/\",\"url\":\"https:\/\/www.psihoterapija-afb.hr\/wp-content\/uploads\/2024\/07\/Psihoterapija-Ana-frlan-bajer-logo-1-1.png\",\"contentUrl\":\"https:\/\/www.psihoterapija-afb.hr\/wp-content\/uploads\/2024\/07\/Psihoterapija-Ana-frlan-bajer-logo-1-1.png\",\"width\":771,\"height\":323,\"caption\":\"Psihoterapija Ana Frlan Bajer\"},\"image\":{\"@id\":\"https:\/\/www.psihoterapija-afb.hr\/#\/schema\/logo\/image\/\"}}]}<\/script>\n<!-- \/ Yoast SEO plugin. -->","yoast_head_json":{"title":"O psihoterapiji - AFB Psihoterapija","robots":{"index":"index","follow":"follow","max-snippet":"max-snippet:-1","max-image-preview":"max-image-preview:large","max-video-preview":"max-video-preview:-1"},"canonical":"https:\/\/www.psihoterapija-afb.hr\/en\/o-psihoterapiji\/","og_locale":"en_GB","og_type":"article","og_title":"O psihoterapiji - AFB Psihoterapija","og_description":"O psihoterapiji Psihoterapija je tretman problema emocionalne prirode psiholo\u0161kim putem, a svrha joj je uklanjanje, modificiranje ili ubla\u017eavanje intenziteta postoje\u0107ih psihi\u010dkih pote\u0161ko\u0107a i poticanje pozitivnog razvoja li\u010dnosti. U psihoterapiji se mo\u017ee raditi na razli\u010ditim problemima i ciljevima. Osobe se u psihoterapiju \u010desto jave zbog sni\u017eenog samopo\u0161tovanja i samopouzdanja, \u017eivotnih promjena i kriza, gubitaka ili drugih [&hellip;]","og_url":"https:\/\/www.psihoterapija-afb.hr\/en\/o-psihoterapiji\/","og_site_name":"AFB Psihoterapija","article_modified_time":"2024-07-23T19:53:01+00:00","twitter_card":"summary_large_image","twitter_misc":{"Estimated reading time":"3 minutes"},"schema":{"@context":"https:\/\/schema.org","@graph":[{"@type":"WebPage","@id":"https:\/\/www.psihoterapija-afb.hr\/o-psihoterapiji\/","url":"https:\/\/www.psihoterapija-afb.hr\/o-psihoterapiji\/","name":"O psihoterapiji - AFB Psihoterapija","isPartOf":{"@id":"https:\/\/www.psihoterapija-afb.hr\/#website"},"datePublished":"2024-07-05T22:46:31+00:00","dateModified":"2024-07-23T19:53:01+00:00","breadcrumb":{"@id":"https:\/\/www.psihoterapija-afb.hr\/o-psihoterapiji\/#breadcrumb"},"inLanguage":"en-GB","potentialAction":[{"@type":"ReadAction","target":["https:\/\/www.psihoterapija-afb.hr\/o-psihoterapiji\/"]}]},{"@type":"BreadcrumbList","@id":"https:\/\/www.psihoterapija-afb.hr\/o-psihoterapiji\/#breadcrumb","itemListElement":[{"@type":"ListItem","position":1,"name":"Home","item":"https:\/\/www.psihoterapija-afb.hr\/"},{"@type":"ListItem","position":2,"name":"O psihoterapiji"}]},{"@type":"WebSite","@id":"https:\/\/www.psihoterapija-afb.hr\/#website","url":"https:\/\/www.psihoterapija-afb.hr\/","name":"AFB Psihoterapija","description":"Psihoterapija Ana Frlan Bajer","publisher":{"@id":"https:\/\/www.psihoterapija-afb.hr\/#organization"},"potentialAction":[{"@type":"SearchAction","target":{"@type":"EntryPoint","urlTemplate":"https:\/\/www.psihoterapija-afb.hr\/?s={search_term_string}"},"query-input":"required name=search_term_string"}],"inLanguage":"en-GB"},{"@type":"Organization","@id":"https:\/\/www.psihoterapija-afb.hr\/#organization","name":"Psihoterapija Ana Frlan Bajer","url":"https:\/\/www.psihoterapija-afb.hr\/","logo":{"@type":"ImageObject","inLanguage":"en-GB","@id":"https:\/\/www.psihoterapija-afb.hr\/#\/schema\/logo\/image\/","url":"https:\/\/www.psihoterapija-afb.hr\/wp-content\/uploads\/2024\/07\/Psihoterapija-Ana-frlan-bajer-logo-1-1.png","contentUrl":"https:\/\/www.psihoterapija-afb.hr\/wp-content\/uploads\/2024\/07\/Psihoterapija-Ana-frlan-bajer-logo-1-1.png","width":771,"height":323,"caption":"Psihoterapija Ana Frlan Bajer"},"image":{"@id":"https:\/\/www.psihoterapija-afb.hr\/#\/schema\/logo\/image\/"}}]}},"_links":{"self":[{"href":"https:\/\/www.psihoterapija-afb.hr\/en\/wp-json\/wp\/v2\/pages\/4608","targetHints":{"allow":["GET"]}}],"collection":[{"href":"https:\/\/www.psihoterapija-afb.hr\/en\/wp-json\/wp\/v2\/pages"}],"about":[{"href":"https:\/\/www.psihoterapija-afb.hr\/en\/wp-json\/wp\/v2\/types\/page"}],"author":[{"embeddable":true,"href":"https:\/\/www.psihoterapija-afb.hr\/en\/wp-json\/wp\/v2\/users\/1"}],"replies":[{"embeddable":true,"href":"https:\/\/www.psihoterapija-afb.hr\/en\/wp-json\/wp\/v2\/comments?post=4608"}],"version-history":[{"count":31,"href":"https:\/\/www.psihoterapija-afb.hr\/en\/wp-json\/wp\/v2\/pages\/4608\/revisions"}],"predecessor-version":[{"id":4971,"href":"https:\/\/www.psihoterapija-afb.hr\/en\/wp-json\/wp\/v2\/pages\/4608\/revisions\/4971"}],"wp:attachment":[{"href":"https:\/\/www.psihoterapija-afb.hr\/en\/wp-json\/wp\/v2\/media?parent=4608"}],"curies":[{"name":"wp","href":"https:\/\/api.w.org\/{rel}","templated":true}]}}