{"id":4912,"date":"2024-07-14T18:50:23","date_gmt":"2024-07-14T18:50:23","guid":{"rendered":"https:\/\/www.psihoterapija-afb.hr\/?page_id=4912"},"modified":"2024-07-23T20:04:04","modified_gmt":"2024-07-23T20:04:04","slug":"kolacici-i-politika-privatnosti","status":"publish","type":"page","link":"https:\/\/www.psihoterapija-afb.hr\/en\/kolacici-i-politika-privatnosti\/","title":{"rendered":"Kola\u010di\u0107i i Politika Privatnosti"},"content":{"rendered":"<div data-elementor-type=\"wp-page\" data-elementor-id=\"4912\" class=\"elementor elementor-4912\">\n\t\t\t\t\t\t<section class=\"elementor-section elementor-top-section elementor-element elementor-element-da3e658 elementor-section-full_width elementor-section-height-default elementor-section-height-default\" data-id=\"da3e658\" data-element_type=\"section\" data-e-type=\"section\" data-settings=\"{&quot;background_background&quot;:&quot;classic&quot;}\">\n\t\t\t\t\t\t\t<div class=\"elementor-background-overlay\"><\/div>\n\t\t\t\t\t\t\t<div class=\"elementor-container elementor-column-gap-default\">\n\t\t\t\t\t<div class=\"elementor-column elementor-col-100 elementor-top-column elementor-element elementor-element-3bfe96f\" data-id=\"3bfe96f\" data-element_type=\"column\" data-e-type=\"column\">\n\t\t\t<div class=\"elementor-widget-wrap elementor-element-populated\">\n\t\t\t\t\t\t<div class=\"elementor-element elementor-element-4efff92 elementor-widget elementor-widget-heading\" data-id=\"4efff92\" data-element_type=\"widget\" data-e-type=\"widget\" data-widget_type=\"heading.default\">\n\t\t\t\t<div class=\"elementor-widget-container\">\n\t\t\t\t\t<h2 class=\"elementor-heading-title elementor-size-default\"><a href=\"#politika-privatnosti\">Privacy Policy<\/a><\/h2>\t\t\t\t<\/div>\n\t\t\t\t<\/div>\n\t\t\t\t<div class=\"elementor-element elementor-element-e63ef7a elementor-widget elementor-widget-heading\" data-id=\"e63ef7a\" data-element_type=\"widget\" data-e-type=\"widget\" data-widget_type=\"heading.default\">\n\t\t\t\t<div class=\"elementor-widget-container\">\n\t\t\t\t\t<h2 class=\"elementor-heading-title elementor-size-default\"><a href=\"#kolacici\">Cookies<\/a><\/h2>\t\t\t\t<\/div>\n\t\t\t\t<\/div>\n\t\t\t\t\t<\/div>\n\t\t<\/div>\n\t\t\t\t\t<\/div>\n\t\t<\/section>\n\t\t\t\t<section class=\"elementor-section elementor-top-section elementor-element elementor-element-3971726 elementor-section-full_width elementor-section-height-default elementor-section-height-default\" data-id=\"3971726\" data-element_type=\"section\" data-e-type=\"section\" id=\"kontakt\">\n\t\t\t\t\t\t\t<div class=\"elementor-background-overlay\"><\/div>\n\t\t\t\t\t\t\t<div class=\"elementor-container elementor-column-gap-default\">\n\t\t\t\t\t<div class=\"elementor-column elementor-col-100 elementor-top-column elementor-element elementor-element-2ca9ff6\" data-id=\"2ca9ff6\" data-element_type=\"column\" data-e-type=\"column\">\n\t\t\t<div class=\"elementor-widget-wrap elementor-element-populated\">\n\t\t\t\t\t\t<div class=\"elementor-element elementor-element-b694b59 elementor-widget elementor-widget-text-editor\" data-id=\"b694b59\" data-element_type=\"widget\" data-e-type=\"widget\" id=\"politika-privatnosti\" data-widget_type=\"text-editor.default\">\n\t\t\t\t<div class=\"elementor-widget-container\">\n\t\t\t\t\t\t\t\t\t<p>You are on the pages of the domain: <a href=\"https:\/\/www.psihoterapija-afb.hr\/en\/\">psihoterapija-afb.hr<\/a>.<\/p><h4>\u00a0<\/h4><h4>GENERAL REGULATION ON THE PROTECTION OF PERSONAL DATA (GDPR)<\/h4><p>AFB, a business for psychotherapy and counseling services, operates in accordance with the General Regulation on the Protection of Personal Data (GDPR EU 2016\/679 OF THE EUROPEAN PARLIAMENT AND COUNCIL of April 27, 2016). The GDPR provides a framework for setting a high standard of personal data protection for all EU citizens.<\/p><p>\u00a0<\/p><p>According to the General Regulation, we are obliged to ask you for your consent on the collection and use of your personal data for the purpose of contacting you to arrange an appointment.<\/p><p>\u00a0<\/p><p>Data that we collect can be: your first and last name, address, phone number, e-mail.<\/p><h4>\u00a0<\/h4><h4>WHAT ADDITIONAL DATA DO WE COLLECT:<\/h4><p>Like most websites, ours collects information such as browser type, language settings, websites \/ pages that refer to us, pages to which we refer, the date and time of each visitor\u2019s request. The purpose of collecting non-personally identifiable information is to better understand how visitors use our website.<\/p><p>\u00a0<\/p><p>You can also visit our website in anonymous mode.<\/p><h4>\u00a0<\/h4><h4>FOR WHAT PURPOSES DO WE USE YOUR VOLUNTARILY PROVIDED DATA:<\/h4><ul><li>In order to establish communication with you<\/li><li>In order to access to the information that we need to know who should we answer inquiries to<\/li><li>To respond to inquiries and provide complete information about our services<\/li><li>To improve our website through features that enable recognition or input of your data<\/li><\/ul><p>Our website may include social media features, such as Facebook \u201cLike\u201d buttons and plugins, as well as share buttons or interactive programs. These features collect the visitor\u2019s IP address, pages visited, and set cookies so that the features can function properly. Social media features are provided by a third party or are provided directly on the website. Interactions with these features are governed by the appropriate social media company`s privacy policy.<\/p><h4>\u00a0<\/h4><h4>HOW WE PROTECT YOUR PERSONAL INFORMATION:<\/h4><ul><li>We do not sell your personal information<\/li><li>Your personal data that we receive via email is only available on our email providers \/ applications<\/li><li>We use Secure Sockets Layer (SSL) which is a standard security technology for establishing an encrypted connection between a server and a client \u2013 usually a web server (website) and a browser or mail server and a mail client (e.g. Outlook).<\/li><\/ul><p>Our website may contain links to external websites (3rd party websites). Such websites have their own \/ separate independent privacy policies. Therefore, we have no responsibility or liability for the content and activities of these linked websites. However, we strive to protect the integrity of our website and welcome any feedback about these sites.<\/p><h4>\u00a0<\/h4><h4>HOW WE PROTECT YOUR PERSONAL DATA:<\/h4><p>We process and store data only as long as is necessary to fulfill the purpose for which the data has been collected. You can request an insight into the method of storage, use and distribution of your personal data from AFB, trade for psychotherapy and counseling services, and the deadline for delivery of the request is 15 days from the date of submission of the request. The request, as well as the deletion request of your data\/emails, can be sent in writing or via e-mail: <a href=\"mailto:ana@psihoterapija-afb.hr\">ana@psihoterapija-afb.hr<\/a><\/p><h4>\u00a0<\/h4><h4>YOUR CONSENT<\/h4><p>By clicking \u201cI agree\u201d on the privacy notice as well as by continuing to use our site, you agree to the Privacy Policy set out on this page.<\/p><p>\u00a0<\/p><p>Your consent applies to the following domain: www.psihoterapija-afb.hr.<\/p><p>\u00a0<\/p><p>Information about how you use our website is automatically collected using \u201ccookies\u201d. Cookies are text files placed on your computer to collect standard data from an online log and data about the behavior of visitors. This information is used to monitor website usage by visitors and to compile statistical reports on website activity.<\/p><p>\u00a0<\/p><p>Please see \u201cAbout cookies\u201d for more information on which cookies are collected.<\/p>\t\t\t\t\t\t\t\t<\/div>\n\t\t\t\t<\/div>\n\t\t\t\t<div class=\"elementor-element elementor-element-22600f0 elementor-widget elementor-widget-text-editor\" data-id=\"22600f0\" data-element_type=\"widget\" data-e-type=\"widget\" id=\"kolacici\" data-widget_type=\"text-editor.default\">\n\t\t\t\t<div class=\"elementor-widget-container\">\n\t\t\t\t\t\t\t\t\t<h4>ABOUT COOKIES<\/h4><p>A cookie is a small text file that a website stores on your computer or mobile device when you visit the site.<\/p><p>\u00a0<\/p><p>First-party cookies are cookies set by the website you are visiting. Only that website can read them. In addition, the website may potentially use external services, which also set their own cookies, known as third-party cookies.<\/p><p>\u00a0<\/p><p>Permanent cookies are cookies stored on your computer and are not deleted automatically when you leave the browser, unlike session cookies which are deleted when you leave the browser.<\/p><p>\u00a0<\/p><p>The purpose is to allow the website to remember your settings (such as username, language, etc.) over a period of time. That way, you don\u2019t have to re-enter them while browsing the site during the same visit.<\/p><p>\u00a0<\/p><p>Cookies can also be used to establish anonymous statistics about the experience of browsing our websites.<\/p><p>\u00a0<\/p><p>This website uses cookies. We use cookies to personalize content, provide social media features, and analyze our traffic. Cookies allow us to better understand the information we receive about you, including information about the use of our websites.<\/p><p>\u00a0<\/p><p>This website uses different types of cookies. Some cookies are set by third parties (eg Facebook), but only if they are on our site.<\/p><h4>\u00a0<\/h4><h4>HOW TO MANAGE COOKIES:<\/h4><p>Most browsers allow you to control the use of cookies while browsing.<\/p><p>Some browsers automatically restrict or delete cookies. Also, in some browsers, you can set rules for managing cookies on a website, allowing you to allow cookies only from sites you trust.<\/p><p>\u00a0<\/p><p>In Google Chrome, Settings includes the ability to delete browsing data. You can use this option to delete cookies and other browsing data. Read\u00a0<a href=\"https:\/\/support.google.com\/chrome\/answer\/95647?hl=hr\" target=\"_blank\" rel=\"noopener\">instructions for managing cookies in Chrome<\/a>. If you visit us from another browsers, you can also manage your cookies, and you can find out more information on the pages of those browsers.<\/p><p>\u00a0<\/p><p>You can also browse our websites anonymously using anonymous mode. You can browse in incognito mode if you do not want your website visits or downloads to remain in your browsing and download history. Once you close all anonymous browsing windows, the browser will not save your browsing history, cookies and other information.<\/p><p>\u00a0<\/p><p>Loss of data stored in cookies can make websites less functional, but should not prevent them from working.<\/p><h4>\u00a0<\/h4><h4>REMOVING COOKIES FROM YOUR DEVICE<\/h4><p>You can delete cookies on your device by deleting your browser\u2019s browsing history. This will remove all cookies from all the websites you have visited.<\/p><p>However, keep in mind that you may also lose some saved data (e.g. saved login details, website settings).<\/p><h4>\u00a0<\/h4><h4>MANAGE SITE-SPECIFIC COOKIES<\/h4><p>For a more detailed control over cookies specific to the site, check the privacy and cookie settings in your preferred browser.<\/p><h4>\u00a0<\/h4><h4>BLOCKING COOKIES<\/h4><p>You can set most modern browsers to prevent any cookies from being placed on your device, but you may then need to manually adjust some settings each time you visit the website. And some services and functionalities may not work at all.<\/p>\t\t\t\t\t\t\t\t<\/div>\n\t\t\t\t<\/div>\n\t\t\t\t<div class=\"elementor-element elementor-element-f8574f3 elementor-widget elementor-widget-html\" data-id=\"f8574f3\" data-element_type=\"widget\" data-e-type=\"widget\" data-widget_type=\"html.default\">\n\t\t\t\t<div class=\"elementor-widget-container\">\n\t\t\t\t\t<div class=\r\n\"cky-audit-table-element\"><\/div>\t\t\t\t<\/div>\n\t\t\t\t<\/div>\n\t\t\t\t\t<\/div>\n\t\t<\/div>\n\t\t\t\t\t<\/div>\n\t\t<\/section>\n\t\t\t\t<\/div>","protected":false},"excerpt":{"rendered":"<p>Politika Privatnosti Kola\u010di\u0107i Nalazite se na stranicama domene: psihoterapija-afb.hr. \u00a0 OP\u0106A UREDBA O ZA\u0160TITI OSOBNIH PODATAKA (GDPR) AFB, obrt za usluge psihoterapije i savjetovanja posluje u skladu sa Op\u0107om uredbom o za\u0161titi osobnih podataka (GDPR EU 2016\/679 EUROPSKOG PARLAMENTA I VIJE\u0106A od 27. travnja 2016.). GDPR donosi okvir za postavljanje visokog standarda za\u0161tite osobnih podataka [&hellip;]<\/p>\n","protected":false},"author":1,"featured_media":0,"parent":0,"menu_order":0,"comment_status":"closed","ping_status":"closed","template":"","meta":{"site-sidebar-layout":"no-sidebar","site-content-layout":"page-builder","ast-site-content-layout":"full-width-container","site-content-style":"unboxed","site-sidebar-style":"unboxed","ast-global-header-display":"","ast-banner-title-visibility":"","ast-main-header-display":"","ast-hfb-above-header-display":"","ast-hfb-below-header-display":"","ast-hfb-mobile-header-display":"","site-post-title":"disabled","ast-breadcrumbs-content":"","ast-featured-img":"disabled","footer-sml-layout":"","theme-transparent-header-meta":"disabled","adv-header-id-meta":"","stick-header-meta":"","header-above-stick-meta":"","header-main-stick-meta":"","header-below-stick-meta":"","astra-migrate-meta-layouts":"set","ast-page-background-enabled":"default","ast-page-background-meta":{"desktop":{"background-color":"var(--ast-global-color-4)","background-image":"","background-repeat":"repeat","background-position":"center center","background-size":"auto","background-attachment":"scroll","background-type":"","background-media":"","overlay-type":"","overlay-color":"","overlay-opacity":"","overlay-gradient":""},"tablet":{"background-color":"","background-image":"","background-repeat":"repeat","background-position":"center center","background-size":"auto","background-attachment":"scroll","background-type":"","background-media":"","overlay-type":"","overlay-color":"","overlay-opacity":"","overlay-gradient":""},"mobile":{"background-color":"","background-image":"","background-repeat":"repeat","background-position":"center center","background-size":"auto","background-attachment":"scroll","background-type":"","background-media":"","overlay-type":"","overlay-color":"","overlay-opacity":"","overlay-gradient":""}},"ast-content-background-meta":{"desktop":{"background-color":"var(--ast-global-color-5)","background-image":"","background-repeat":"repeat","background-position":"center center","background-size":"auto","background-attachment":"scroll","background-type":"","background-media":"","overlay-type":"","overlay-color":"","overlay-opacity":"","overlay-gradient":""},"tablet":{"background-color":"var(--ast-global-color-5)","background-image":"","background-repeat":"repeat","background-position":"center center","background-size":"auto","background-attachment":"scroll","background-type":"","background-media":"","overlay-type":"","overlay-color":"","overlay-opacity":"","overlay-gradient":""},"mobile":{"background-color":"var(--ast-global-color-5)","background-image":"","background-repeat":"repeat","background-position":"center center","background-size":"auto","background-attachment":"scroll","background-type":"","background-media":"","overlay-type":"","overlay-color":"","overlay-opacity":"","overlay-gradient":""}},"footnotes":""},"class_list":["post-4912","page","type-page","status-publish","hentry"],"yoast_head":"<!-- This site is optimized with the Yoast SEO plugin v23.1 - https:\/\/yoast.com\/wordpress\/plugins\/seo\/ -->\n<title>Kola\u010di\u0107i i Politika Privatnosti - AFB Psihoterapija<\/title>\n<meta name=\"robots\" content=\"index, follow, max-snippet:-1, max-image-preview:large, max-video-preview:-1\" \/>\n<link rel=\"canonical\" href=\"https:\/\/www.psihoterapija-afb.hr\/en\/kolacici-i-politika-privatnosti\/\" \/>\n<meta property=\"og:locale\" content=\"en_GB\" \/>\n<meta property=\"og:type\" content=\"article\" \/>\n<meta property=\"og:title\" content=\"Kola\u010di\u0107i i Politika Privatnosti - AFB Psihoterapija\" \/>\n<meta property=\"og:description\" content=\"Politika Privatnosti Kola\u010di\u0107i Nalazite se na stranicama domene: psihoterapija-afb.hr. \u00a0 OP\u0106A UREDBA O ZA\u0160TITI OSOBNIH PODATAKA (GDPR) AFB, obrt za usluge psihoterapije i savjetovanja posluje u skladu sa Op\u0107om uredbom o za\u0161titi osobnih podataka (GDPR EU 2016\/679 EUROPSKOG PARLAMENTA I VIJE\u0106A od 27. travnja 2016.). GDPR donosi okvir za postavljanje visokog standarda za\u0161tite osobnih podataka [&hellip;]\" \/>\n<meta property=\"og:url\" content=\"https:\/\/www.psihoterapija-afb.hr\/en\/kolacici-i-politika-privatnosti\/\" \/>\n<meta property=\"og:site_name\" content=\"AFB Psihoterapija\" \/>\n<meta property=\"article:modified_time\" content=\"2024-07-23T20:04:04+00:00\" \/>\n<meta name=\"twitter:card\" content=\"summary_large_image\" \/>\n<meta name=\"twitter:label1\" content=\"Estimated reading time\" \/>\n\t<meta name=\"twitter:data1\" content=\"3 minutes\" \/>\n<script type=\"application\/ld+json\" class=\"yoast-schema-graph\">{\"@context\":\"https:\/\/schema.org\",\"@graph\":[{\"@type\":\"WebPage\",\"@id\":\"https:\/\/www.psihoterapija-afb.hr\/kolacici-i-politika-privatnosti\/\",\"url\":\"https:\/\/www.psihoterapija-afb.hr\/kolacici-i-politika-privatnosti\/\",\"name\":\"Kola\u010di\u0107i i Politika Privatnosti - AFB Psihoterapija\",\"isPartOf\":{\"@id\":\"https:\/\/www.psihoterapija-afb.hr\/#website\"},\"datePublished\":\"2024-07-14T18:50:23+00:00\",\"dateModified\":\"2024-07-23T20:04:04+00:00\",\"breadcrumb\":{\"@id\":\"https:\/\/www.psihoterapija-afb.hr\/kolacici-i-politika-privatnosti\/#breadcrumb\"},\"inLanguage\":\"en-GB\",\"potentialAction\":[{\"@type\":\"ReadAction\",\"target\":[\"https:\/\/www.psihoterapija-afb.hr\/kolacici-i-politika-privatnosti\/\"]}]},{\"@type\":\"BreadcrumbList\",\"@id\":\"https:\/\/www.psihoterapija-afb.hr\/kolacici-i-politika-privatnosti\/#breadcrumb\",\"itemListElement\":[{\"@type\":\"ListItem\",\"position\":1,\"name\":\"Home\",\"item\":\"https:\/\/www.psihoterapija-afb.hr\/\"},{\"@type\":\"ListItem\",\"position\":2,\"name\":\"Kola\u010di\u0107i i Politika Privatnosti\"}]},{\"@type\":\"WebSite\",\"@id\":\"https:\/\/www.psihoterapija-afb.hr\/#website\",\"url\":\"https:\/\/www.psihoterapija-afb.hr\/\",\"name\":\"AFB Psihoterapija\",\"description\":\"Psihoterapija Ana Frlan Bajer\",\"publisher\":{\"@id\":\"https:\/\/www.psihoterapija-afb.hr\/#organization\"},\"potentialAction\":[{\"@type\":\"SearchAction\",\"target\":{\"@type\":\"EntryPoint\",\"urlTemplate\":\"https:\/\/www.psihoterapija-afb.hr\/?s={search_term_string}\"},\"query-input\":\"required name=search_term_string\"}],\"inLanguage\":\"en-GB\"},{\"@type\":\"Organization\",\"@id\":\"https:\/\/www.psihoterapija-afb.hr\/#organization\",\"name\":\"Psihoterapija Ana Frlan Bajer\",\"url\":\"https:\/\/www.psihoterapija-afb.hr\/\",\"logo\":{\"@type\":\"ImageObject\",\"inLanguage\":\"en-GB\",\"@id\":\"https:\/\/www.psihoterapija-afb.hr\/#\/schema\/logo\/image\/\",\"url\":\"https:\/\/www.psihoterapija-afb.hr\/wp-content\/uploads\/2024\/07\/Psihoterapija-Ana-frlan-bajer-logo-1-1.png\",\"contentUrl\":\"https:\/\/www.psihoterapija-afb.hr\/wp-content\/uploads\/2024\/07\/Psihoterapija-Ana-frlan-bajer-logo-1-1.png\",\"width\":771,\"height\":323,\"caption\":\"Psihoterapija Ana Frlan Bajer\"},\"image\":{\"@id\":\"https:\/\/www.psihoterapija-afb.hr\/#\/schema\/logo\/image\/\"}}]}<\/script>\n<!-- \/ Yoast SEO plugin. -->","yoast_head_json":{"title":"Kola\u010di\u0107i i Politika Privatnosti - AFB Psihoterapija","robots":{"index":"index","follow":"follow","max-snippet":"max-snippet:-1","max-image-preview":"max-image-preview:large","max-video-preview":"max-video-preview:-1"},"canonical":"https:\/\/www.psihoterapija-afb.hr\/en\/kolacici-i-politika-privatnosti\/","og_locale":"en_GB","og_type":"article","og_title":"Kola\u010di\u0107i i Politika Privatnosti - AFB Psihoterapija","og_description":"Politika Privatnosti Kola\u010di\u0107i Nalazite se na stranicama domene: psihoterapija-afb.hr. \u00a0 OP\u0106A UREDBA O ZA\u0160TITI OSOBNIH PODATAKA (GDPR) AFB, obrt za usluge psihoterapije i savjetovanja posluje u skladu sa Op\u0107om uredbom o za\u0161titi osobnih podataka (GDPR EU 2016\/679 EUROPSKOG PARLAMENTA I VIJE\u0106A od 27. travnja 2016.). GDPR donosi okvir za postavljanje visokog standarda za\u0161tite osobnih podataka [&hellip;]","og_url":"https:\/\/www.psihoterapija-afb.hr\/en\/kolacici-i-politika-privatnosti\/","og_site_name":"AFB Psihoterapija","article_modified_time":"2024-07-23T20:04:04+00:00","twitter_card":"summary_large_image","twitter_misc":{"Estimated reading time":"3 minutes"},"schema":{"@context":"https:\/\/schema.org","@graph":[{"@type":"WebPage","@id":"https:\/\/www.psihoterapija-afb.hr\/kolacici-i-politika-privatnosti\/","url":"https:\/\/www.psihoterapija-afb.hr\/kolacici-i-politika-privatnosti\/","name":"Kola\u010di\u0107i i Politika Privatnosti - AFB Psihoterapija","isPartOf":{"@id":"https:\/\/www.psihoterapija-afb.hr\/#website"},"datePublished":"2024-07-14T18:50:23+00:00","dateModified":"2024-07-23T20:04:04+00:00","breadcrumb":{"@id":"https:\/\/www.psihoterapija-afb.hr\/kolacici-i-politika-privatnosti\/#breadcrumb"},"inLanguage":"en-GB","potentialAction":[{"@type":"ReadAction","target":["https:\/\/www.psihoterapija-afb.hr\/kolacici-i-politika-privatnosti\/"]}]},{"@type":"BreadcrumbList","@id":"https:\/\/www.psihoterapija-afb.hr\/kolacici-i-politika-privatnosti\/#breadcrumb","itemListElement":[{"@type":"ListItem","position":1,"name":"Home","item":"https:\/\/www.psihoterapija-afb.hr\/"},{"@type":"ListItem","position":2,"name":"Kola\u010di\u0107i i Politika Privatnosti"}]},{"@type":"WebSite","@id":"https:\/\/www.psihoterapija-afb.hr\/#website","url":"https:\/\/www.psihoterapija-afb.hr\/","name":"AFB Psihoterapija","description":"Psihoterapija Ana Frlan Bajer","publisher":{"@id":"https:\/\/www.psihoterapija-afb.hr\/#organization"},"potentialAction":[{"@type":"SearchAction","target":{"@type":"EntryPoint","urlTemplate":"https:\/\/www.psihoterapija-afb.hr\/?s={search_term_string}"},"query-input":"required name=search_term_string"}],"inLanguage":"en-GB"},{"@type":"Organization","@id":"https:\/\/www.psihoterapija-afb.hr\/#organization","name":"Psihoterapija Ana Frlan Bajer","url":"https:\/\/www.psihoterapija-afb.hr\/","logo":{"@type":"ImageObject","inLanguage":"en-GB","@id":"https:\/\/www.psihoterapija-afb.hr\/#\/schema\/logo\/image\/","url":"https:\/\/www.psihoterapija-afb.hr\/wp-content\/uploads\/2024\/07\/Psihoterapija-Ana-frlan-bajer-logo-1-1.png","contentUrl":"https:\/\/www.psihoterapija-afb.hr\/wp-content\/uploads\/2024\/07\/Psihoterapija-Ana-frlan-bajer-logo-1-1.png","width":771,"height":323,"caption":"Psihoterapija Ana Frlan Bajer"},"image":{"@id":"https:\/\/www.psihoterapija-afb.hr\/#\/schema\/logo\/image\/"}}]}},"_links":{"self":[{"href":"https:\/\/www.psihoterapija-afb.hr\/en\/wp-json\/wp\/v2\/pages\/4912","targetHints":{"allow":["GET"]}}],"collection":[{"href":"https:\/\/www.psihoterapija-afb.hr\/en\/wp-json\/wp\/v2\/pages"}],"about":[{"href":"https:\/\/www.psihoterapija-afb.hr\/en\/wp-json\/wp\/v2\/types\/page"}],"author":[{"embeddable":true,"href":"https:\/\/www.psihoterapija-afb.hr\/en\/wp-json\/wp\/v2\/users\/1"}],"replies":[{"embeddable":true,"href":"https:\/\/www.psihoterapija-afb.hr\/en\/wp-json\/wp\/v2\/comments?post=4912"}],"version-history":[{"count":67,"href":"https:\/\/www.psihoterapija-afb.hr\/en\/wp-json\/wp\/v2\/pages\/4912\/revisions"}],"predecessor-version":[{"id":4996,"href":"https:\/\/www.psihoterapija-afb.hr\/en\/wp-json\/wp\/v2\/pages\/4912\/revisions\/4996"}],"wp:attachment":[{"href":"https:\/\/www.psihoterapija-afb.hr\/en\/wp-json\/wp\/v2\/media?parent=4912"}],"curies":[{"name":"wp","href":"https:\/\/api.w.org\/{rel}","templated":true}]}}